{"id":88309,"date":"2025-11-17T17:54:40","date_gmt":"2025-11-17T16:54:40","guid":{"rendered":"https:\/\/internationalgreeter.org\/?page_id=88309"},"modified":"2026-01-25T16:49:05","modified_gmt":"2026-01-25T15:49:05","slug":"faq-haufige-fragen-von-gasten-2","status":"publish","type":"page","link":"https:\/\/internationalgreeter.org\/de\/faq-haufige-fragen-von-gasten-2","title":{"rendered":"FAQ &#8211; H\u00e4ufige Fragen von G\u00e4sten"},"content":{"rendered":"<p>[et_pb_section fb_built=&#8220;1&#8243; admin_label=&#8220;Header 2. pages global&#8220; _builder_version=&#8220;4.21.0&#8243; use_background_color_gradient=&#8220;on&#8220; background_color_gradient_stops=&#8220;rgba(165,206,199,0.6) 0%|#151f33 100%&#8220; background_color_gradient_overlays_image=&#8220;on&#8220; background_color_gradient_start=&#8220;rgba(165,206,199,0.6)&#8220; background_color_gradient_end=&#8220;#151f33&#8243; background_image=&#8220;https:\/\/internationalgreeter.org\/wp-content\/uploads\/2019\/03\/Chicago-3.jpg&#8220; background_blend=&#8220;saturation&#8220; width=&#8220;100%&#8220; custom_padding=&#8220;0||5px||false|false&#8220; background_color_gradient_stops_tablet=&#8220;rgba(165,206,199,0.6) 0%|#151f33 100%&#8220; background_color_gradient_stops_phone=&#8220;rgba(165,206,199,0.6) 0%|#151f33 100%&#8220; global_module=&#8220;5106&#8243; saved_tabs=&#8220;all&#8220; locked=&#8220;off&#8220; global_colors_info=&#8220;{}&#8220; background_color_gradient_start__hover=&#8220;#2b87da&#8220; background_color_gradient_start__hover_enabled=&#8220;#2b87da&#8220; background_color_gradient_end__hover=&#8220;#29c4a9&#8243; background_color_gradient_end__hover_enabled=&#8220;#29c4a9&#8243; use_background_color_gradient__hover=&#8220;off&#8220; use_background_color_gradient__hover_enabled=&#8220;off&#8220; background_color_gradient_type__hover=&#8220;linear&#8220; background_color_gradient_type__hover_enabled=&#8220;linear&#8220; background_color_gradient_direction__hover=&#8220;180deg&#8220; background_color_gradient_direction__hover_enabled=&#8220;180deg&#8220; background_color_gradient_direction_radial__hover=&#8220;center&#8220; background_color_gradient_direction_radial__hover_enabled=&#8220;center&#8220; background_color_gradient_start_position__hover=&#8220;0%&#8220; background_color_gradient_start_position__hover_enabled=&#8220;0%&#8220; background_color_gradient_end_position__hover=&#8220;100%&#8220; background_color_gradient_end_position__hover_enabled=&#8220;100%&#8220; background_color_gradient_overlays_image__hover=&#8220;off&#8220; background_color_gradient_overlays_image__hover_enabled=&#8220;off&#8220; background_color_gradient_stops__hover=&#8220;#2b87da 0%|#29c4a9 100%&#8220;][et_pb_row column_structure=&#8220;3_4,1_4&#8243; _builder_version=&#8220;4.16&#8243; max_width=&#8220;80%&#8220; custom_margin=&#8220;0px||&#8220; custom_padding=&#8220;|0px|22px|0px|false|false&#8220; use_custom_width=&#8220;on&#8220; width_unit=&#8220;off&#8220; custom_width_px__hover=&#8220;1080px&#8220; custom_width_px__hover_enabled=&#8220;1080px&#8220; custom_width_percent__hover=&#8220;80%&#8220; custom_width_percent__hover_enabled=&#8220;80%&#8220; global_colors_info=&#8220;{}&#8220; gutter_width__hover=&#8220;3&#8243; gutter_width__hover_enabled=&#8220;3&#8243; parallax_1__hover=&#8220;off&#8220; parallax_1__hover_enabled=&#8220;off&#8220; parallax_2__hover=&#8220;off&#8220; parallax_2__hover_enabled=&#8220;off&#8220; parallax_3__hover=&#8220;off&#8220; parallax_3__hover_enabled=&#8220;off&#8220; parallax_4__hover=&#8220;off&#8220; parallax_4__hover_enabled=&#8220;off&#8220; parallax_5__hover=&#8220;off&#8220; parallax_5__hover_enabled=&#8220;off&#8220; parallax_6__hover=&#8220;off&#8220; parallax_6__hover_enabled=&#8220;off&#8220; parallax_method_1__hover=&#8220;on&#8220; parallax_method_1__hover_enabled=&#8220;on&#8220; parallax_method_2__hover=&#8220;on&#8220; parallax_method_2__hover_enabled=&#8220;on&#8220; parallax_method_3__hover=&#8220;on&#8220; parallax_method_3__hover_enabled=&#8220;on&#8220; parallax_method_4__hover=&#8220;on&#8220; parallax_method_4__hover_enabled=&#8220;on&#8220; parallax_method_5__hover=&#8220;on&#8220; parallax_method_5__hover_enabled=&#8220;on&#8220; parallax_method_6__hover=&#8220;on&#8220; parallax_method_6__hover_enabled=&#8220;on&#8220; use_background_color_gradient__hover=&#8220;off&#8220; use_background_color_gradient__hover_enabled=&#8220;off&#8220; background_color_gradient_start__hover=&#8220;#2b87da&#8220; background_color_gradient_start__hover_enabled=&#8220;#2b87da&#8220; background_color_gradient_end__hover=&#8220;#29c4a9&#8243; background_color_gradient_end__hover_enabled=&#8220;#29c4a9&#8243; background_color_gradient_type__hover=&#8220;linear&#8220; background_color_gradient_type__hover_enabled=&#8220;linear&#8220; background_color_gradient_direction__hover=&#8220;180deg&#8220; background_color_gradient_direction__hover_enabled=&#8220;180deg&#8220; background_color_gradient_direction_radial__hover=&#8220;center&#8220; background_color_gradient_direction_radial__hover_enabled=&#8220;center&#8220; background_color_gradient_start_position__hover=&#8220;0%&#8220; background_color_gradient_start_position__hover_enabled=&#8220;0%&#8220; background_color_gradient_end_position__hover=&#8220;100%&#8220; background_color_gradient_end_position__hover_enabled=&#8220;100%&#8220; background_color_gradient_overlays_image__hover=&#8220;off&#8220; background_color_gradient_overlays_image__hover_enabled=&#8220;off&#8220; parallax__hover=&#8220;off&#8220; parallax__hover_enabled=&#8220;off&#8220; parallax_method__hover=&#8220;on&#8220; parallax_method__hover_enabled=&#8220;on&#8220; background_size__hover=&#8220;cover&#8220; background_size__hover_enabled=&#8220;cover&#8220; background_position__hover=&#8220;center&#8220; background_position__hover_enabled=&#8220;center&#8220; background_repeat__hover=&#8220;no-repeat&#8220; background_repeat__hover_enabled=&#8220;no-repeat&#8220; background_blend__hover=&#8220;normal&#8220; background_blend__hover_enabled=&#8220;normal&#8220; allow_player_pause__hover=&#8220;off&#8220; allow_player_pause__hover_enabled=&#8220;off&#8220; background_video_pause_outside_viewport__hover=&#8220;on&#8220; background_video_pause_outside_viewport__hover_enabled=&#8220;on&#8220; make_fullwidth__hover=&#8220;off&#8220; make_fullwidth__hover_enabled=&#8220;off&#8220; use_custom_width__hover=&#8220;off&#8220; use_custom_width__hover_enabled=&#8220;off&#8220; width_unit__hover=&#8220;on&#8220; width_unit__hover_enabled=&#8220;on&#8220; use_custom_gutter__hover=&#8220;off&#8220; use_custom_gutter__hover_enabled=&#8220;off&#8220; make_equal__hover=&#8220;off&#8220; make_equal__hover_enabled=&#8220;off&#8220; border_radii__hover=&#8220;on||||&#8220; border_radii__hover_enabled=&#8220;on||||&#8220; box_shadow_style__hover=&#8220;none&#8220; box_shadow_style__hover_enabled=&#8220;none&#8220; box_shadow_color__hover=&#8220;rgba(0,0,0,0.3)&#8220; box_shadow_color__hover_enabled=&#8220;rgba(0,0,0,0.3)&#8220; filter_hue_rotate__hover=&#8220;0deg&#8220; filter_hue_rotate__hover_enabled=&#8220;0deg&#8220; filter_saturate__hover=&#8220;100%&#8220; filter_saturate__hover_enabled=&#8220;100%&#8220; filter_brightness__hover=&#8220;100%&#8220; filter_brightness__hover_enabled=&#8220;100%&#8220; filter_contrast__hover=&#8220;100%&#8220; filter_contrast__hover_enabled=&#8220;100%&#8220; filter_invert__hover=&#8220;0%&#8220; filter_invert__hover_enabled=&#8220;0%&#8220; filter_sepia__hover=&#8220;0%&#8220; filter_sepia__hover_enabled=&#8220;0%&#8220; filter_opacity__hover=&#8220;100%&#8220; filter_opacity__hover_enabled=&#8220;100%&#8220; filter_blur__hover=&#8220;0px&#8220; filter_blur__hover_enabled=&#8220;0px&#8220; mix_blend_mode__hover=&#8220;normal&#8220; mix_blend_mode__hover_enabled=&#8220;normal&#8220; animation_style__hover=&#8220;none&#8220; animation_style__hover_enabled=&#8220;none&#8220; animation_repeat__hover=&#8220;once&#8220; animation_repeat__hover_enabled=&#8220;once&#8220; animation_direction__hover=&#8220;center&#8220; animation_direction__hover_enabled=&#8220;center&#8220; animation_duration__hover=&#8220;1000ms&#8220; animation_duration__hover_enabled=&#8220;1000ms&#8220; animation_delay__hover=&#8220;0ms&#8220; animation_delay__hover_enabled=&#8220;0ms&#8220; animation_intensity_slide__hover=&#8220;50%&#8220; animation_intensity_slide__hover_enabled=&#8220;50%&#8220; animation_intensity_zoom__hover=&#8220;50%&#8220; animation_intensity_zoom__hover_enabled=&#8220;50%&#8220; animation_intensity_flip__hover=&#8220;50%&#8220; animation_intensity_flip__hover_enabled=&#8220;50%&#8220; animation_intensity_fold__hover=&#8220;50%&#8220; animation_intensity_fold__hover_enabled=&#8220;50%&#8220; animation_intensity_roll__hover=&#8220;50%&#8220; animation_intensity_roll__hover_enabled=&#8220;50%&#8220; animation_starting_opacity__hover=&#8220;0%&#8220; animation_starting_opacity__hover_enabled=&#8220;0%&#8220; animation_speed_curve__hover=&#8220;ease-in-out&#8220; animation_speed_curve__hover_enabled=&#8220;ease-in-out&#8220; hover_transition_duration__hover=&#8220;300ms&#8220; hover_transition_duration__hover_enabled=&#8220;300ms&#8220; hover_transition_delay__hover=&#8220;0ms&#8220; hover_transition_delay__hover_enabled=&#8220;0ms&#8220; hover_transition_speed_curve__hover=&#8220;ease&#8220; hover_transition_speed_curve__hover_enabled=&#8220;ease&#8220; width__hover=&#8220;80%&#8220; width__hover_enabled=&#8220;80%&#8220; max_width__hover=&#8220;80%&#8220; max_width__hover_enabled=&#8220;80%&#8220; background_color_gradient_stops__hover=&#8220;#2b87da 0%|#29c4a9 100%&#8220;][et_pb_column type=&#8220;3_4&#8243; _builder_version=&#8220;4.16&#8243; custom_padding=&#8220;|||&#8220; global_colors_info=&#8220;{}&#8220; custom_padding__hover=&#8220;|||&#8220;][et_pb_text _builder_version=&#8220;4.27.4&#8243; _dynamic_attributes=&#8220;content&#8220; text_font=&#8220;||||||||&#8220; text_line_height=&#8220;2em&#8220; header_font=&#8220;||||||||&#8220; header_text_align=&#8220;left&#8220; header_font_size=&#8220;72px&#8220; header_line_height=&#8220;1.2em&#8220; header_2_font=&#8220;||||||||&#8220; header_2_text_align=&#8220;left&#8220; header_2_font_size=&#8220;38px&#8220; header_5_font=&#8220;||||||||&#8220; header_6_font=&#8220;Source Sans Pro|||on|||||&#8220; header_6_font_size=&#8220;24px&#8220; header_6_letter_spacing=&#8220;8px&#8220; header_6_line_height=&#8220;1.8em&#8220; background_color=&#8220;rgba(186,186,186,0.54)&#8220; text_orientation=&#8220;center&#8220; background_layout=&#8220;dark&#8220; max_width_tablet=&#8220;&#8220; max_width_phone=&#8220;89%&#8220; max_width_last_edited=&#8220;on|phone&#8220; module_alignment=&#8220;left&#8220; custom_margin=&#8220;0px||38px&#8220; custom_margin_tablet=&#8220;&#8220; custom_margin_phone=&#8220;&#8220; custom_margin_last_edited=&#8220;on|phone&#8220; animation_style=&#8220;slide&#8220; animation_intensity_slide=&#8220;4%&#8220; header_font_size_tablet=&#8220;&#8220; header_font_size_phone=&#8220;33px&#8220; header_font_size_last_edited=&#8220;on|phone&#8220; header_2_font_size_tablet=&#8220;&#8220; header_2_font_size_phone=&#8220;27px&#8220; header_2_font_size_last_edited=&#8220;on|phone&#8220; header_text_shadow_style=&#8220;preset3&#8243; header_text_shadow_blur_strength=&#8220;0.8em&#8220; header_text_shadow_color=&#8220;rgba(0,17,51,0.55)&#8220; global_colors_info=&#8220;{}&#8220; text_font_size__hover=&#8220;14px&#8220; text_font_size__hover_enabled=&#8220;14px&#8220; text_letter_spacing__hover=&#8220;0px&#8220; text_letter_spacing__hover_enabled=&#8220;0px&#8220; text_line_height__hover=&#8220;1.7em&#8220; text_line_height__hover_enabled=&#8220;1.7em&#8220; text_text_shadow_style__hover=&#8220;none&#8220; text_text_shadow_style__hover_enabled=&#8220;none&#8220; text_text_shadow_color__hover=&#8220;rgba(0,0,0,0.4)&#8220; text_text_shadow_color__hover_enabled=&#8220;rgba(0,0,0,0.4)&#8220; link_font_size__hover=&#8220;14px&#8220; link_font_size__hover_enabled=&#8220;14px&#8220; link_letter_spacing__hover=&#8220;0px&#8220; link_letter_spacing__hover_enabled=&#8220;0px&#8220; link_line_height__hover=&#8220;1em&#8220; link_line_height__hover_enabled=&#8220;1em&#8220; link_text_shadow_style__hover=&#8220;none&#8220; link_text_shadow_style__hover_enabled=&#8220;none&#8220; link_text_shadow_color__hover=&#8220;rgba(0,0,0,0.4)&#8220; link_text_shadow_color__hover_enabled=&#8220;rgba(0,0,0,0.4)&#8220; ul_font_size__hover=&#8220;14px&#8220; ul_font_size__hover_enabled=&#8220;14px&#8220; ul_letter_spacing__hover=&#8220;0px&#8220; ul_letter_spacing__hover_enabled=&#8220;0px&#8220; ul_line_height__hover=&#8220;1em&#8220; ul_line_height__hover_enabled=&#8220;1em&#8220; ul_text_shadow_style__hover=&#8220;none&#8220; ul_text_shadow_style__hover_enabled=&#8220;none&#8220; ul_text_shadow_color__hover=&#8220;rgba(0,0,0,0.4)&#8220; ul_text_shadow_color__hover_enabled=&#8220;rgba(0,0,0,0.4)&#8220; ol_font_size__hover=&#8220;14px&#8220; ol_font_size__hover_enabled=&#8220;14px&#8220; ol_letter_spacing__hover=&#8220;0px&#8220; ol_letter_spacing__hover_enabled=&#8220;0px&#8220; ol_line_height__hover=&#8220;1em&#8220; ol_line_height__hover_enabled=&#8220;1em&#8220; ol_text_shadow_style__hover=&#8220;none&#8220; ol_text_shadow_style__hover_enabled=&#8220;none&#8220; ol_text_shadow_color__hover=&#8220;rgba(0,0,0,0.4)&#8220; ol_text_shadow_color__hover_enabled=&#8220;rgba(0,0,0,0.4)&#8220; quote_font_size__hover=&#8220;14px&#8220; quote_font_size__hover_enabled=&#8220;14px&#8220; quote_letter_spacing__hover=&#8220;0px&#8220; quote_letter_spacing__hover_enabled=&#8220;0px&#8220; quote_line_height__hover=&#8220;1em&#8220; quote_line_height__hover_enabled=&#8220;1em&#8220; quote_text_shadow_style__hover=&#8220;none&#8220; quote_text_shadow_style__hover_enabled=&#8220;none&#8220; quote_text_shadow_color__hover=&#8220;rgba(0,0,0,0.4)&#8220; quote_text_shadow_color__hover_enabled=&#8220;rgba(0,0,0,0.4)&#8220; text_orientation__hover=&#8220;left&#8220; text_orientation__hover_enabled=&#8220;left&#8220; background_layout__hover=&#8220;light&#8220; background_layout__hover_enabled=&#8220;light&#8220;]@ET-DC@eyJkeW5hbWljIjp0cnVlLCJjb250ZW50IjoicG9zdF90aXRsZSIsInNldHRpbmdzIjp7ImJlZm9yZSI6IjxoMj5JbnRlcm5hdGlvbmFsIEdyZWV0ZXIgQXNzb2NpYXRpb248XC9oMj48aDE+IiwiYWZ0ZXIiOiI8XC9oMT4ifX0=@[\/et_pb_text][\/et_pb_column][et_pb_column type=&#8220;1_4&#8243; _builder_version=&#8220;4.16&#8243; custom_padding=&#8220;|||&#8220; global_colors_info=&#8220;{}&#8220; custom_padding__hover=&#8220;|||&#8220;][\/et_pb_column][\/et_pb_row][\/et_pb_section][et_pb_section fb_built=&#8220;1&#8243; admin_label=&#8220;Membership&#8220; _builder_version=&#8220;4.16&#8243; custom_padding=&#8220;48px||0||false|false&#8220; locked=&#8220;off&#8220; global_colors_info=&#8220;{}&#8220;][et_pb_row admin_label=&#8220;row&#8220; _builder_version=&#8220;4.27.4&#8243; background_size=&#8220;initial&#8220; background_position=&#8220;top_left&#8220; background_repeat=&#8220;repeat&#8220; locked=&#8220;off&#8220; global_colors_info=&#8220;{}&#8220;][et_pb_column type=&#8220;4_4&#8243; _builder_version=&#8220;4.16&#8243; custom_padding=&#8220;|||&#8220; global_colors_info=&#8220;{}&#8220; custom_padding__hover=&#8220;|||&#8220;][et_pb_text _builder_version=&#8220;4.27.4&#8243; header_2_font_size=&#8220;40px&#8220; global_colors_info=&#8220;{}&#8220;]<\/p>\n<h2>FAQ H\u00e4ufige Fragen von G\u00e4sten<\/h2>\n<p>\n[\/et_pb_text][et_pb_accordion _builder_version=&#8220;4.27.4&#8243; global_colors_info=&#8220;{}&#8220;][et_pb_accordion_item title=&#8220;Wie finde ich eine Greetergruppe und wie frage ich einen Greet an?&#8220; open=&#8220;on&#8220; _builder_version=&#8220;4.27.4&#8243; global_colors_info=&#8220;{}&#8220;]<\/p>\n<p>Du kannst das Hauptmen\u00fc (Greeter finden) verwenden und nach der Stadt suchen, die Du besuchen m\u00f6chtest. Wenn die gesuchte Stadt nicht aufgef\u00fchrt ist, gibt es an diesem Ort keine Greeter-Gruppe. Wenn Du die gesuchte Stadt gefunden hast, suche den Link zu deren Website oder das Anfrageformular direkt auf deren Seite auf unserer Website.[\/et_pb_accordion_item][et_pb_accordion_item title=&#8220;What passiert, nachdem ich meine Anfrage abgeschickt habe?&#8220; _builder_version=&#8220;4.27.4&#8243; global_colors_info=&#8220;{}&#8220; open=&#8220;off&#8220;]<\/p>\n<p>Sobald die Greeter-Gruppe Deine Anfrage erhalten hat, solltest Du eine erste Best\u00e4tigung erhalten. Rechtzeitig vor Deiner Ankunft wird versucht, f\u00fcr Dich einen verf\u00fcgbaren Greeter zu finden. Dieser wird sich dann so schnell wie m\u00f6glich mit Dir in Verbindung setzen, um die Details rechtzeitig vor Deiner Reise zu kl\u00e4ren. <br \/><b>Wenn es hierbei Probleme gibt, teile uns dies bitte per E-Mail an info@internationalgreeter.org mit. Wir werden versuchen, Dir zu helfen.[\/et_pb_accordion_item][et_pb_accordion_item title=&#8220;Wie kann ich meine Anfrage \u00e4ndern oder stornieren?&#8220; _builder_version=&#8220;4.27.4&#8243; global_colors_info=&#8220;{}&#8220; open=&#8220;off&#8220;]<\/p>\n<p>Bitte sende so schnell wie m\u00f6glich eine E-Mail an die Greeter-Destination, wenn Du Deine Pl\u00e4ne \u00e4ndern musst. Dort wird man sich bem\u00fchen, Deine \u00c4nderungen zu ber\u00fccksichtigen.[\/et_pb_accordion_item][et_pb_accordion_item title=&#8220;Was kostet es, einen Greeter zu treffen?&#8220; _builder_version=&#8220;4.27.4&#8243; global_colors_info=&#8220;{}&#8220; open=&#8220;off&#8220;]<\/p>\n<p>Alle Greets sind v\u00f6llig kostenlos und werden es auch immer bleiben, da die Greeter ihre Zeit aus Begeisterung und Liebe zu ihrer Stadt ehrenamtlich zur Verf\u00fcgung stellen. Wir erwarten keinerlei Trinkgeld. Das ist unser Grundsatz.[\/et_pb_accordion_item][et_pb_accordion_item title=&#8220;Wie kann ich die Greeterorganisation unterst\u00fctzen?&#8220; _builder_version=&#8220;4.27.4&#8243; global_colors_info=&#8220;{}&#8220; open=&#8220;off&#8220;]<\/p>\n<p>Greetergruppen werden auf unterschiedliche Weise verwaltet. In vielen F\u00e4llen ist es m\u00f6glich, eine Spende zu t\u00e4tigen, aber wir betonen nochmals, dass alle Greets kostenlos sind und Du keinerlei Verpflichtung hast, eine Spende zu leisten. Wenn eine lokale Gruppe keine Spenden annehmen kann, kannst Du auch gerne <a href=\"https:\/\/internationalgreeter.org\/de\/deine-spende-fuer-die-greeter\">an die International Greeter Association spenden<\/a>, was uns dabei hilft, das Konzept weiterzuentwickeln. <\/p>\n<p>[\/et_pb_accordion_item][et_pb_accordion_item title=&#8220;Wie viele Personen k\u00f6nnen an einem Greet teilnehmen?&#8220; _builder_version=&#8220;4.27.4&#8243; global_colors_info=&#8220;{}&#8220; open=&#8220;off&#8220;]<\/p>\n<p>Greeter treffen kleine Gruppen von maximal sechs Personen, aber auch Alleinreisende sind willkommen. Greeters sind private Spazierg\u00e4nge und daher nicht f\u00fcr Reisegruppen gedacht. F\u00fcr gr\u00f6\u00dfere Gruppen empfehlen wir, einen professionellen Reiseleiter zu organisieren (Greeters sind keine professionellen Reiseleiter!).<\/p>\n<p>[\/et_pb_accordion_item][et_pb_accordion_item title=&#8220;Was erwartet mich bei einem Greet?&#8220; _builder_version=&#8220;4.27.4&#8243; global_colors_info=&#8220;{}&#8220; open=&#8220;off&#8220;]<\/p>\n<p>Es erwartet Dich ein zwei- bis dreist\u00fcndiger, individuell gestalteter Spaziergang zu Fu\u00df oder mit \u00f6ffentlichen Verkehrsmitteln. Dein Greeter zeigt Ihnen einzigartige Orte, erkl\u00e4rt Dir die lokale Kultur und Br\u00e4uche, beantwortet Deine Fragen und vermittelt Dir ein authentisches Gef\u00fchl f\u00fcr die Stadt.[\/et_pb_accordion_item][et_pb_accordion_item title=&#8220;Sind Greeter professionelle G\u00e4stef\u00fchrer?&#8220; _builder_version=&#8220;4.27.4&#8243; global_colors_info=&#8220;{}&#8220; open=&#8220;off&#8220;]<\/p>\n<p>Nein, wir sind keine professionellen G\u00e4stef\u00fchrer. Ein Greeter ist ein lokaler Freiwilliger, der Besucher in seiner Stadt willkommen hei\u00dft und personalisierte, kostenlose Rundg\u00e4nge anbietet, um ihnen das authentische Leben vor Ort und Einblicke jenseits der typischen Touristenattraktionen zu vermitteln. Es ist, als w\u00fcrde man die Stadt mit einem sachkundigen Freund erkunden. Wenn Du eine organisierte Tour mit einem offiziellen Reiseleiter bevorzugst, findest Du weitere Informationen auf der Website des \u00f6rtlichen Tourismusverbandes.[\/et_pb_accordion_item][et_pb_accordion_item title=&#8220;Wie tragen Greeter zum nachhaltigen Tourismus bei?&#8220; _builder_version=&#8220;4.27.4&#8243; global_colors_info=&#8220;{}&#8220; open=&#8220;off&#8220;]<\/p>\n<p>Greeter-Programme f\u00f6rdern verantwortungsvollen und nachhaltigen Tourismus, indem sie den kulturellen Austausch f\u00f6rdern, lokale Gemeinschaften unterst\u00fctzen und die nat\u00fcrliche und soziale Umwelt respektieren.[\/et_pb_accordion_item][et_pb_accordion_item title=&#8220;Welches sind die Grundwerte der Greeter?&#8220; _builder_version=&#8220;4.27.4&#8243; _module_preset=&#8220;default&#8220; global_colors_info=&#8220;{}&#8220; open=&#8220;off&#8220;]<\/p>\n<p>Zu den Grundwerten geh\u00f6ren freiwillige und freundliche Kontaktaufnahme, kleine Gruppen zur F\u00f6rderung des Dialogs, kostenlose Dienstleistungen, Inklusion ohne Diskriminierung, Unterst\u00fctzung f\u00fcr nachhaltigen Tourismus und F\u00f6rderung des kulturellen Austauschs.<\/p>\n<p>[\/et_pb_accordion_item][\/et_pb_accordion][et_pb_text _builder_version=&#8220;4.16&#8243; global_colors_info=&#8220;{}&#8220;]<\/p>\n<p>Hast Du noch weitere Fragen zu Greeter? Sende sie uns diese \u00fcber unser <a href=\"https:\/\/internationalgreeter.org\/de\/greeter-idee\/kontakt-zu-unserem-netzwerk\">Kontaktformular<\/a> zu, wir beantworten sie gerne.[\/et_pb_text][\/et_pb_column][\/et_pb_row][\/et_pb_section][et_pb_section fb_built=&#8220;1&#8243; admin_label=&#8220;section&#8220; _builder_version=&#8220;4.16&#8243; global_colors_info=&#8220;{}&#8220;][\/et_pb_section]<\/p>\n","protected":false},"excerpt":{"rendered":"<p>FAQ H\u00e4ufige Fragen von G\u00e4sten Du kannst das Hauptmen\u00fc (Greeter finden) verwenden und nach der Stadt suchen, die Du besuchen m\u00f6chtest. Wenn die gesuchte Stadt nicht aufgef\u00fchrt ist, gibt es an diesem Ort keine Greeter-Gruppe. Wenn Du die gesuchte Stadt gefunden hast, suche den Link zu deren Website oder das Anfrageformular direkt auf deren Seite [&hellip;]<\/p>\n","protected":false},"author":36,"featured_media":0,"parent":0,"menu_order":0,"comment_status":"closed","ping_status":"closed","template":"","meta":{"_et_pb_use_builder":"on","_et_pb_old_content":"","_et_gb_content_width":"","footnotes":""},"class_list":["post-88309","page","type-page","status-publish","hentry"],"_links":{"self":[{"href":"https:\/\/internationalgreeter.org\/de\/wp-json\/wp\/v2\/pages\/88309","targetHints":{"allow":["GET"]}}],"collection":[{"href":"https:\/\/internationalgreeter.org\/de\/wp-json\/wp\/v2\/pages"}],"about":[{"href":"https:\/\/internationalgreeter.org\/de\/wp-json\/wp\/v2\/types\/page"}],"author":[{"embeddable":true,"href":"https:\/\/internationalgreeter.org\/de\/wp-json\/wp\/v2\/users\/36"}],"replies":[{"embeddable":true,"href":"https:\/\/internationalgreeter.org\/de\/wp-json\/wp\/v2\/comments?post=88309"}],"version-history":[{"count":9,"href":"https:\/\/internationalgreeter.org\/de\/wp-json\/wp\/v2\/pages\/88309\/revisions"}],"predecessor-version":[{"id":91264,"href":"https:\/\/internationalgreeter.org\/de\/wp-json\/wp\/v2\/pages\/88309\/revisions\/91264"}],"wp:attachment":[{"href":"https:\/\/internationalgreeter.org\/de\/wp-json\/wp\/v2\/media?parent=88309"}],"curies":[{"name":"wp","href":"https:\/\/api.w.org\/{rel}","templated":true}]}}