{"id":88259,"date":"2025-11-17T16:26:34","date_gmt":"2025-11-17T15:26:34","guid":{"rendered":"https:\/\/internationalgreeter.org\/?page_id=88259"},"modified":"2026-01-25T16:53:49","modified_gmt":"2026-01-25T15:53:49","slug":"faq-haufige-fragen","status":"publish","type":"page","link":"https:\/\/internationalgreeter.org\/de\/faq-haufige-fragen","title":{"rendered":"FAQ &#8211; H\u00e4ufige Fragen"},"content":{"rendered":"<p>[et_pb_section fb_built=&#8220;1&#8243; admin_label=&#8220;Header 2. pages global&#8220; _builder_version=&#8220;4.21.0&#8243; use_background_color_gradient=&#8220;on&#8220; background_color_gradient_stops=&#8220;rgba(165,206,199,0.6) 0%|#151f33 100%&#8220; background_color_gradient_overlays_image=&#8220;on&#8220; background_color_gradient_start=&#8220;rgba(165,206,199,0.6)&#8220; background_color_gradient_end=&#8220;#151f33&#8243; background_image=&#8220;https:\/\/internationalgreeter.org\/wp-content\/uploads\/2019\/03\/Chicago-3.jpg&#8220; background_blend=&#8220;saturation&#8220; width=&#8220;100%&#8220; custom_padding=&#8220;0||5px||false|false&#8220; background_color_gradient_stops_tablet=&#8220;rgba(165,206,199,0.6) 0%|#151f33 100%&#8220; background_color_gradient_stops_phone=&#8220;rgba(165,206,199,0.6) 0%|#151f33 100%&#8220; global_module=&#8220;5106&#8243; saved_tabs=&#8220;all&#8220; locked=&#8220;off&#8220; global_colors_info=&#8220;{}&#8220; background_color_gradient_start__hover=&#8220;#2b87da&#8220; background_color_gradient_start__hover_enabled=&#8220;#2b87da&#8220; background_color_gradient_end__hover=&#8220;#29c4a9&#8243; background_color_gradient_end__hover_enabled=&#8220;#29c4a9&#8243; use_background_color_gradient__hover=&#8220;off&#8220; use_background_color_gradient__hover_enabled=&#8220;off&#8220; background_color_gradient_type__hover=&#8220;linear&#8220; background_color_gradient_type__hover_enabled=&#8220;linear&#8220; background_color_gradient_direction__hover=&#8220;180deg&#8220; background_color_gradient_direction__hover_enabled=&#8220;180deg&#8220; background_color_gradient_direction_radial__hover=&#8220;center&#8220; background_color_gradient_direction_radial__hover_enabled=&#8220;center&#8220; background_color_gradient_start_position__hover=&#8220;0%&#8220; background_color_gradient_start_position__hover_enabled=&#8220;0%&#8220; background_color_gradient_end_position__hover=&#8220;100%&#8220; background_color_gradient_end_position__hover_enabled=&#8220;100%&#8220; background_color_gradient_overlays_image__hover=&#8220;off&#8220; background_color_gradient_overlays_image__hover_enabled=&#8220;off&#8220; background_color_gradient_stops__hover=&#8220;#2b87da 0%|#29c4a9 100%&#8220;][et_pb_row column_structure=&#8220;3_4,1_4&#8243; _builder_version=&#8220;4.16&#8243; max_width=&#8220;80%&#8220; custom_margin=&#8220;0px||&#8220; custom_padding=&#8220;|0px|22px|0px|false|false&#8220; use_custom_width=&#8220;on&#8220; width_unit=&#8220;off&#8220; custom_width_px__hover=&#8220;1080px&#8220; custom_width_px__hover_enabled=&#8220;1080px&#8220; custom_width_percent__hover=&#8220;80%&#8220; custom_width_percent__hover_enabled=&#8220;80%&#8220; global_colors_info=&#8220;{}&#8220; gutter_width__hover=&#8220;3&#8243; gutter_width__hover_enabled=&#8220;3&#8243; parallax_1__hover=&#8220;off&#8220; parallax_1__hover_enabled=&#8220;off&#8220; parallax_2__hover=&#8220;off&#8220; parallax_2__hover_enabled=&#8220;off&#8220; parallax_3__hover=&#8220;off&#8220; parallax_3__hover_enabled=&#8220;off&#8220; parallax_4__hover=&#8220;off&#8220; parallax_4__hover_enabled=&#8220;off&#8220; parallax_5__hover=&#8220;off&#8220; parallax_5__hover_enabled=&#8220;off&#8220; parallax_6__hover=&#8220;off&#8220; parallax_6__hover_enabled=&#8220;off&#8220; parallax_method_1__hover=&#8220;on&#8220; parallax_method_1__hover_enabled=&#8220;on&#8220; parallax_method_2__hover=&#8220;on&#8220; parallax_method_2__hover_enabled=&#8220;on&#8220; parallax_method_3__hover=&#8220;on&#8220; parallax_method_3__hover_enabled=&#8220;on&#8220; parallax_method_4__hover=&#8220;on&#8220; parallax_method_4__hover_enabled=&#8220;on&#8220; parallax_method_5__hover=&#8220;on&#8220; parallax_method_5__hover_enabled=&#8220;on&#8220; parallax_method_6__hover=&#8220;on&#8220; parallax_method_6__hover_enabled=&#8220;on&#8220; use_background_color_gradient__hover=&#8220;off&#8220; use_background_color_gradient__hover_enabled=&#8220;off&#8220; background_color_gradient_start__hover=&#8220;#2b87da&#8220; background_color_gradient_start__hover_enabled=&#8220;#2b87da&#8220; background_color_gradient_end__hover=&#8220;#29c4a9&#8243; background_color_gradient_end__hover_enabled=&#8220;#29c4a9&#8243; background_color_gradient_type__hover=&#8220;linear&#8220; background_color_gradient_type__hover_enabled=&#8220;linear&#8220; background_color_gradient_direction__hover=&#8220;180deg&#8220; background_color_gradient_direction__hover_enabled=&#8220;180deg&#8220; background_color_gradient_direction_radial__hover=&#8220;center&#8220; background_color_gradient_direction_radial__hover_enabled=&#8220;center&#8220; background_color_gradient_start_position__hover=&#8220;0%&#8220; background_color_gradient_start_position__hover_enabled=&#8220;0%&#8220; background_color_gradient_end_position__hover=&#8220;100%&#8220; background_color_gradient_end_position__hover_enabled=&#8220;100%&#8220; background_color_gradient_overlays_image__hover=&#8220;off&#8220; background_color_gradient_overlays_image__hover_enabled=&#8220;off&#8220; parallax__hover=&#8220;off&#8220; parallax__hover_enabled=&#8220;off&#8220; parallax_method__hover=&#8220;on&#8220; parallax_method__hover_enabled=&#8220;on&#8220; background_size__hover=&#8220;cover&#8220; background_size__hover_enabled=&#8220;cover&#8220; background_position__hover=&#8220;center&#8220; background_position__hover_enabled=&#8220;center&#8220; background_repeat__hover=&#8220;no-repeat&#8220; background_repeat__hover_enabled=&#8220;no-repeat&#8220; background_blend__hover=&#8220;normal&#8220; background_blend__hover_enabled=&#8220;normal&#8220; allow_player_pause__hover=&#8220;off&#8220; allow_player_pause__hover_enabled=&#8220;off&#8220; background_video_pause_outside_viewport__hover=&#8220;on&#8220; background_video_pause_outside_viewport__hover_enabled=&#8220;on&#8220; make_fullwidth__hover=&#8220;off&#8220; make_fullwidth__hover_enabled=&#8220;off&#8220; use_custom_width__hover=&#8220;off&#8220; use_custom_width__hover_enabled=&#8220;off&#8220; width_unit__hover=&#8220;on&#8220; width_unit__hover_enabled=&#8220;on&#8220; use_custom_gutter__hover=&#8220;off&#8220; use_custom_gutter__hover_enabled=&#8220;off&#8220; make_equal__hover=&#8220;off&#8220; make_equal__hover_enabled=&#8220;off&#8220; border_radii__hover=&#8220;on||||&#8220; border_radii__hover_enabled=&#8220;on||||&#8220; box_shadow_style__hover=&#8220;none&#8220; box_shadow_style__hover_enabled=&#8220;none&#8220; box_shadow_color__hover=&#8220;rgba(0,0,0,0.3)&#8220; box_shadow_color__hover_enabled=&#8220;rgba(0,0,0,0.3)&#8220; filter_hue_rotate__hover=&#8220;0deg&#8220; filter_hue_rotate__hover_enabled=&#8220;0deg&#8220; filter_saturate__hover=&#8220;100%&#8220; filter_saturate__hover_enabled=&#8220;100%&#8220; filter_brightness__hover=&#8220;100%&#8220; filter_brightness__hover_enabled=&#8220;100%&#8220; filter_contrast__hover=&#8220;100%&#8220; filter_contrast__hover_enabled=&#8220;100%&#8220; filter_invert__hover=&#8220;0%&#8220; filter_invert__hover_enabled=&#8220;0%&#8220; filter_sepia__hover=&#8220;0%&#8220; filter_sepia__hover_enabled=&#8220;0%&#8220; filter_opacity__hover=&#8220;100%&#8220; filter_opacity__hover_enabled=&#8220;100%&#8220; filter_blur__hover=&#8220;0px&#8220; filter_blur__hover_enabled=&#8220;0px&#8220; mix_blend_mode__hover=&#8220;normal&#8220; mix_blend_mode__hover_enabled=&#8220;normal&#8220; animation_style__hover=&#8220;none&#8220; animation_style__hover_enabled=&#8220;none&#8220; animation_repeat__hover=&#8220;once&#8220; animation_repeat__hover_enabled=&#8220;once&#8220; animation_direction__hover=&#8220;center&#8220; animation_direction__hover_enabled=&#8220;center&#8220; animation_duration__hover=&#8220;1000ms&#8220; animation_duration__hover_enabled=&#8220;1000ms&#8220; animation_delay__hover=&#8220;0ms&#8220; animation_delay__hover_enabled=&#8220;0ms&#8220; animation_intensity_slide__hover=&#8220;50%&#8220; animation_intensity_slide__hover_enabled=&#8220;50%&#8220; animation_intensity_zoom__hover=&#8220;50%&#8220; animation_intensity_zoom__hover_enabled=&#8220;50%&#8220; animation_intensity_flip__hover=&#8220;50%&#8220; animation_intensity_flip__hover_enabled=&#8220;50%&#8220; animation_intensity_fold__hover=&#8220;50%&#8220; animation_intensity_fold__hover_enabled=&#8220;50%&#8220; animation_intensity_roll__hover=&#8220;50%&#8220; animation_intensity_roll__hover_enabled=&#8220;50%&#8220; animation_starting_opacity__hover=&#8220;0%&#8220; animation_starting_opacity__hover_enabled=&#8220;0%&#8220; animation_speed_curve__hover=&#8220;ease-in-out&#8220; animation_speed_curve__hover_enabled=&#8220;ease-in-out&#8220; hover_transition_duration__hover=&#8220;300ms&#8220; hover_transition_duration__hover_enabled=&#8220;300ms&#8220; hover_transition_delay__hover=&#8220;0ms&#8220; hover_transition_delay__hover_enabled=&#8220;0ms&#8220; hover_transition_speed_curve__hover=&#8220;ease&#8220; hover_transition_speed_curve__hover_enabled=&#8220;ease&#8220; width__hover=&#8220;80%&#8220; width__hover_enabled=&#8220;80%&#8220; max_width__hover=&#8220;80%&#8220; max_width__hover_enabled=&#8220;80%&#8220; background_color_gradient_stops__hover=&#8220;#2b87da 0%|#29c4a9 100%&#8220;][et_pb_column type=&#8220;3_4&#8243; _builder_version=&#8220;4.16&#8243; custom_padding=&#8220;|||&#8220; global_colors_info=&#8220;{}&#8220; custom_padding__hover=&#8220;|||&#8220;][et_pb_text _builder_version=&#8220;4.27.4&#8243; _dynamic_attributes=&#8220;content&#8220; text_font=&#8220;||||||||&#8220; text_line_height=&#8220;2em&#8220; header_font=&#8220;||||||||&#8220; header_text_align=&#8220;left&#8220; header_font_size=&#8220;72px&#8220; header_line_height=&#8220;1.2em&#8220; header_2_font=&#8220;||||||||&#8220; header_2_text_align=&#8220;left&#8220; header_2_font_size=&#8220;38px&#8220; header_5_font=&#8220;||||||||&#8220; header_6_font=&#8220;Source Sans Pro|||on|||||&#8220; header_6_font_size=&#8220;24px&#8220; header_6_letter_spacing=&#8220;8px&#8220; header_6_line_height=&#8220;1.8em&#8220; background_color=&#8220;rgba(186,186,186,0.54)&#8220; text_orientation=&#8220;center&#8220; background_layout=&#8220;dark&#8220; max_width_tablet=&#8220;&#8220; max_width_phone=&#8220;89%&#8220; max_width_last_edited=&#8220;on|phone&#8220; module_alignment=&#8220;left&#8220; custom_margin=&#8220;0px||38px&#8220; custom_margin_tablet=&#8220;&#8220; custom_margin_phone=&#8220;&#8220; custom_margin_last_edited=&#8220;on|phone&#8220; animation_style=&#8220;slide&#8220; animation_intensity_slide=&#8220;4%&#8220; header_font_size_tablet=&#8220;&#8220; header_font_size_phone=&#8220;33px&#8220; header_font_size_last_edited=&#8220;on|phone&#8220; header_2_font_size_tablet=&#8220;&#8220; header_2_font_size_phone=&#8220;27px&#8220; header_2_font_size_last_edited=&#8220;on|phone&#8220; header_text_shadow_style=&#8220;preset3&#8243; header_text_shadow_blur_strength=&#8220;0.8em&#8220; header_text_shadow_color=&#8220;rgba(0,17,51,0.55)&#8220; global_colors_info=&#8220;{}&#8220; text_font_size__hover=&#8220;14px&#8220; text_font_size__hover_enabled=&#8220;14px&#8220; text_letter_spacing__hover=&#8220;0px&#8220; text_letter_spacing__hover_enabled=&#8220;0px&#8220; text_line_height__hover=&#8220;1.7em&#8220; text_line_height__hover_enabled=&#8220;1.7em&#8220; text_text_shadow_style__hover=&#8220;none&#8220; text_text_shadow_style__hover_enabled=&#8220;none&#8220; text_text_shadow_color__hover=&#8220;rgba(0,0,0,0.4)&#8220; text_text_shadow_color__hover_enabled=&#8220;rgba(0,0,0,0.4)&#8220; link_font_size__hover=&#8220;14px&#8220; link_font_size__hover_enabled=&#8220;14px&#8220; link_letter_spacing__hover=&#8220;0px&#8220; link_letter_spacing__hover_enabled=&#8220;0px&#8220; link_line_height__hover=&#8220;1em&#8220; link_line_height__hover_enabled=&#8220;1em&#8220; link_text_shadow_style__hover=&#8220;none&#8220; link_text_shadow_style__hover_enabled=&#8220;none&#8220; link_text_shadow_color__hover=&#8220;rgba(0,0,0,0.4)&#8220; link_text_shadow_color__hover_enabled=&#8220;rgba(0,0,0,0.4)&#8220; ul_font_size__hover=&#8220;14px&#8220; ul_font_size__hover_enabled=&#8220;14px&#8220; ul_letter_spacing__hover=&#8220;0px&#8220; ul_letter_spacing__hover_enabled=&#8220;0px&#8220; ul_line_height__hover=&#8220;1em&#8220; ul_line_height__hover_enabled=&#8220;1em&#8220; ul_text_shadow_style__hover=&#8220;none&#8220; ul_text_shadow_style__hover_enabled=&#8220;none&#8220; ul_text_shadow_color__hover=&#8220;rgba(0,0,0,0.4)&#8220; ul_text_shadow_color__hover_enabled=&#8220;rgba(0,0,0,0.4)&#8220; ol_font_size__hover=&#8220;14px&#8220; ol_font_size__hover_enabled=&#8220;14px&#8220; ol_letter_spacing__hover=&#8220;0px&#8220; ol_letter_spacing__hover_enabled=&#8220;0px&#8220; ol_line_height__hover=&#8220;1em&#8220; ol_line_height__hover_enabled=&#8220;1em&#8220; ol_text_shadow_style__hover=&#8220;none&#8220; ol_text_shadow_style__hover_enabled=&#8220;none&#8220; ol_text_shadow_color__hover=&#8220;rgba(0,0,0,0.4)&#8220; ol_text_shadow_color__hover_enabled=&#8220;rgba(0,0,0,0.4)&#8220; quote_font_size__hover=&#8220;14px&#8220; quote_font_size__hover_enabled=&#8220;14px&#8220; quote_letter_spacing__hover=&#8220;0px&#8220; quote_letter_spacing__hover_enabled=&#8220;0px&#8220; quote_line_height__hover=&#8220;1em&#8220; quote_line_height__hover_enabled=&#8220;1em&#8220; quote_text_shadow_style__hover=&#8220;none&#8220; quote_text_shadow_style__hover_enabled=&#8220;none&#8220; quote_text_shadow_color__hover=&#8220;rgba(0,0,0,0.4)&#8220; quote_text_shadow_color__hover_enabled=&#8220;rgba(0,0,0,0.4)&#8220; text_orientation__hover=&#8220;left&#8220; text_orientation__hover_enabled=&#8220;left&#8220; background_layout__hover=&#8220;light&#8220; background_layout__hover_enabled=&#8220;light&#8220;]@ET-DC@eyJkeW5hbWljIjp0cnVlLCJjb250ZW50IjoicG9zdF90aXRsZSIsInNldHRpbmdzIjp7ImJlZm9yZSI6IjxoMj5JbnRlcm5hdGlvbmFsIEdyZWV0ZXIgQXNzb2NpYXRpb248XC9oMj48aDE+IiwiYWZ0ZXIiOiI8XC9oMT4ifX0=@[\/et_pb_text][\/et_pb_column][et_pb_column type=&#8220;1_4&#8243; _builder_version=&#8220;4.16&#8243; custom_padding=&#8220;|||&#8220; global_colors_info=&#8220;{}&#8220; custom_padding__hover=&#8220;|||&#8220;][\/et_pb_column][\/et_pb_row][\/et_pb_section][et_pb_section fb_built=&#8220;1&#8243; admin_label=&#8220;Membership&#8220; _builder_version=&#8220;4.16&#8243; custom_padding=&#8220;48px||0||false|false&#8220; locked=&#8220;off&#8220; global_colors_info=&#8220;{}&#8220;][et_pb_row admin_label=&#8220;row&#8220; _builder_version=&#8220;4.27.4&#8243; background_size=&#8220;initial&#8220; background_position=&#8220;top_left&#8220; background_repeat=&#8220;repeat&#8220; locked=&#8220;off&#8220; global_colors_info=&#8220;{}&#8220;][et_pb_column type=&#8220;4_4&#8243; _builder_version=&#8220;4.16&#8243; custom_padding=&#8220;|||&#8220; global_colors_info=&#8220;{}&#8220; custom_padding__hover=&#8220;|||&#8220;][et_pb_text _builder_version=&#8220;4.27.4&#8243; header_2_font_size=&#8220;40px&#8220; global_colors_info=&#8220;{}&#8220;]<\/p>\n<h2>FAQ for neue Destinationen oder Greeter<\/h2>\n<p>[\/et_pb_text][et_pb_accordion _builder_version=&#8220;4.27.4&#8243; global_colors_info=&#8220;{}&#8220;][et_pb_accordion_item title=&#8220;Wie kann ich Greeter werden?&#8220; open=&#8220;on&#8220; _builder_version=&#8220;4.27.4&#8243; global_colors_info=&#8220;{}&#8220;]<\/p>\n<p>Wenn es in Deiner Stadt eine Gruppe gibt, wende Dich direkt an diese. Die meisten Gruppen freuen sich \u00fcber zus\u00e4tzliche Unterst\u00fctzung.<br \/>Wenn es in Ihrer Stadt keine Gruppe gibt, kannst Du selbst eine gr\u00fcnden. Alle Informationen dazu findest Du <a href=\"https:\/\/internationalgreeter.org\/de\/grunde-eine-neue-greeterdestination\">auf unserer Website<\/a>.<\/p>\n<p>[\/et_pb_accordion_item][et_pb_accordion_item title=&#8220;Kann eine st\u00e4dtische Stelle auch Mitglied werden?&#8220; _builder_version=&#8220;4.27.4&#8243; global_colors_info=&#8220;{}&#8220; open=&#8220;off&#8220;]<\/p>\n<p>Ja, auf jeden Fall!<br \/>Viele unserer lokalen Greeter-Organisationen werden von st\u00e4dtischen Einrichungen oder Tourismusb\u00fcros unterst\u00fctzt. <br \/>Wir bitten diese, dieselben Anforderungen zu erf\u00fcllen, um Mitglied zu werden, wie wir es von privaten Organisationen oder Einzelpersonen verlangen.<\/p>\n<p>[\/et_pb_accordion_item][et_pb_accordion_item title=&#8220;Erhebt die International Greeter Association einen Mitgliedsbeitrag?&#8220; _builder_version=&#8220;4.27.4&#8243; global_colors_info=&#8220;{}&#8220; open=&#8220;off&#8220;]<\/p>\n<p>Ja, es f\u00e4llt eine geringe Geb\u00fchr an, wenn eine Organisation eine bestimmte Anzahl von Greets durchf\u00fchrt. Im ersten Jahr und wenn eine Organisation nur wenige Greets durchf\u00fchrt, ist die Mitgliedschaft jedoch kostenlos. Der Mitgliedsbeitrag ist f\u00fcr den Betrieb der Website und zur Deckung der Kosten erforderlich. Die IGA ist eine gemeinn\u00fctzige Organisation, daher wird der Mitgliedsbeitrag nicht f\u00fcr Ausgaben verwendet, die nicht mit dem gemeinn\u00fctzigen Status des Vereins vereinbar sind.[\/et_pb_accordion_item][et_pb_accordion_item title=&#8220;Welche Vorteile hat es, ein Greeter zu sein?&#8220; _builder_version=&#8220;4.27.4&#8243; _module_preset=&#8220;default&#8220; global_colors_info=&#8220;{}&#8220; open=&#8220;off&#8220;]<\/p>\n<p>Greeter haben Freude daran, neue Freunde zu finden, den interkulturellen Austausch zu f\u00f6rdern, pers\u00f6nliche F\u00e4higkeiten auszubauen und die nachhaltige Entwicklung des Tourismus in ihrer Gemeinde zu unterst\u00fctzen. Viele Greeter m\u00f6chten mehr \u00fcber die Kulturen ihrer G\u00e4ste erfahren, ihre Sprachkenntnisse verbessern und sogar ihre eigene Stadt besser kennenlernen, w\u00e4hrend sie sie mit ihren Besuchern erkunden.[\/et_pb_accordion_item][et_pb_accordion_item title=&#8220;Wie finanziert sich eine Greetergruppe?&#8220; _builder_version=&#8220;4.27.4&#8243; _module_preset=&#8220;default&#8220; global_colors_info=&#8220;{}&#8220; open=&#8220;off&#8220;]<\/p>\n<p>Mit dem Betrieb einer Greeter-Gruppe sind keine nennenswerten obligatorischen Ausgaben verbunden. Die Aktivit\u00e4ten der Greeter basieren auf Freiwilligenarbeit, manchmal erhalten sie Spenden oder finden lokale Sponsoren. Sie berechnen den G\u00e4sten niemals etwas f\u00fcr ihre Dienste und bitten auch nicht um Trinkgeld.<\/p>\n<p>[\/et_pb_accordion_item][et_pb_accordion_item title=&#8220;Welche Unterst\u00fctzung erfolgt durch die International Greeter Association?&#8220; _builder_version=&#8220;4.27.4&#8243; _module_preset=&#8220;default&#8220; global_colors_info=&#8220;{}&#8220; open=&#8220;off&#8220;]<\/p>\n<p>Sie bieten Leitlinien, Networking, Schulungen und Online-Ressourcen, um lokale Greeter-Gruppen professionell aufzubauen und zu betreiben. W\u00e4hrend des Aufbauprozesses und dar\u00fcber hinaus unterst\u00fctzt ein Vorstandsmitglied der IGA das neue Mitglied pers\u00f6nlich und steht f\u00fcr alle anstehenden Fragen zur Verf\u00fcgung. Die IGA f\u00f6rdert das Greeter-Konzept weltweit und betreibt eine Website, um Besucher zu gewinnen und Anfragen an die lokalen Gruppen weiterzuleiten. Die IGA ist eine in Belgien registrierte gemeinn\u00fctzige Organisation, die von einem Vorstand geleitet wird, dessen Mitglieder diese T\u00e4tigkeit ehrenamtlich aus\u00fcben. <\/p>\n<p>[\/et_pb_accordion_item][\/et_pb_accordion][et_pb_text _builder_version=&#8220;4.16&#8243; global_colors_info=&#8220;{}&#8220;]<\/p>\n<p>Hast Du noch weitere Fragen zu Greeter? Sende sie uns diese \u00fcber unser <a href=\"https:\/\/internationalgreeter.org\/de\/greeter-idee\/kontakt-zu-unserem-netzwerk\">Kontaktformular<\/a> zu, wir beantworten sie gerne.[\/et_pb_text][\/et_pb_column][\/et_pb_row][\/et_pb_section][et_pb_section fb_built=&#8220;1&#8243; admin_label=&#8220;section&#8220; _builder_version=&#8220;4.16&#8243; global_colors_info=&#8220;{}&#8220;][\/et_pb_section]<\/p>\n","protected":false},"excerpt":{"rendered":"<p>FAQ for neue Destinationen oder GreeterWenn es in Deiner Stadt eine Gruppe gibt, wende Dich direkt an diese. Die meisten Gruppen freuen sich \u00fcber zus\u00e4tzliche Unterst\u00fctzung.Wenn es in Ihrer Stadt keine Gruppe gibt, kannst Du selbst eine gr\u00fcnden. Alle Informationen dazu findest Du auf unserer Website.Ja, auf jeden Fall!Viele unserer lokalen Greeter-Organisationen werden von st\u00e4dtischen [&hellip;]<\/p>\n","protected":false},"author":36,"featured_media":0,"parent":0,"menu_order":0,"comment_status":"closed","ping_status":"closed","template":"","meta":{"_et_pb_use_builder":"on","_et_pb_old_content":"","_et_gb_content_width":"","footnotes":""},"class_list":["post-88259","page","type-page","status-publish","hentry"],"_links":{"self":[{"href":"https:\/\/internationalgreeter.org\/de\/wp-json\/wp\/v2\/pages\/88259","targetHints":{"allow":["GET"]}}],"collection":[{"href":"https:\/\/internationalgreeter.org\/de\/wp-json\/wp\/v2\/pages"}],"about":[{"href":"https:\/\/internationalgreeter.org\/de\/wp-json\/wp\/v2\/types\/page"}],"author":[{"embeddable":true,"href":"https:\/\/internationalgreeter.org\/de\/wp-json\/wp\/v2\/users\/36"}],"replies":[{"embeddable":true,"href":"https:\/\/internationalgreeter.org\/de\/wp-json\/wp\/v2\/comments?post=88259"}],"version-history":[{"count":6,"href":"https:\/\/internationalgreeter.org\/de\/wp-json\/wp\/v2\/pages\/88259\/revisions"}],"predecessor-version":[{"id":91287,"href":"https:\/\/internationalgreeter.org\/de\/wp-json\/wp\/v2\/pages\/88259\/revisions\/91287"}],"wp:attachment":[{"href":"https:\/\/internationalgreeter.org\/de\/wp-json\/wp\/v2\/media?parent=88259"}],"curies":[{"name":"wp","href":"https:\/\/api.w.org\/{rel}","templated":true}]}}